{"id":966,"date":"2024-10-29T11:02:13","date_gmt":"2024-10-29T11:02:13","guid":{"rendered":"https:\/\/karmamagazacilik.com\/career\/"},"modified":"2025-02-04T18:20:57","modified_gmt":"2025-02-04T18:20:57","slug":"career","status":"publish","type":"page","link":"https:\/\/karmamagazacilik.com\/en\/career\/","title":{"rendered":"Career"},"content":{"rendered":"\t\t<div data-elementor-type=\"wp-page\" data-elementor-id=\"966\" class=\"elementor elementor-966 elementor-156\">\n\t\t\t\t<div class=\"elementor-element elementor-element-ad68209 e-flex e-con-boxed e-con e-parent\" data-id=\"ad68209\" data-element_type=\"container\" data-settings=\"{&quot;background_background&quot;:&quot;classic&quot;}\">\n\t\t\t\t\t<div class=\"e-con-inner\">\n\t\t\t\t\t<\/div>\n\t\t\t\t<\/div>\n\t\t<div class=\"elementor-element elementor-element-b00f98b e-flex e-con-boxed e-con e-parent\" data-id=\"b00f98b\" data-element_type=\"container\">\n\t\t\t\t\t<div class=\"e-con-inner\">\n\t\t\t\t<div class=\"elementor-element elementor-element-a7795ea elementor-widget elementor-widget-text-editor\" data-id=\"a7795ea\" data-element_type=\"widget\" data-widget_type=\"text-editor.default\">\n\t\t\t\t<div class=\"elementor-widget-container\">\n\t\t\t\t\t\t\t<p style=\"text-align: center;\">You can see the open positions for Karma Marka Ma\u011fazac\u0131l\u0131k ve Ticaret A.\u015e. below and you can apply via kariyer.net.<\/p>\n\t\t\t\t\t\t<\/div>\n\t\t\t\t<\/div>\n\t\t\t\t\t<\/div>\n\t\t\t\t<\/div>\n\t\t<div class=\"elementor-element elementor-element-ee007ff e-flex e-con-boxed e-con e-parent\" data-id=\"ee007ff\" data-element_type=\"container\">\n\t\t\t\t\t<div class=\"e-con-inner\">\n\t\t<div class=\"elementor-element elementor-element-d01a171 e-con-full e-flex e-con e-child\" data-id=\"d01a171\" data-element_type=\"container\">\n\t\t\t\t<div class=\"elementor-element elementor-element-d2346dd elementor-align-center elementor-widget elementor-widget-elementskit-button\" data-id=\"d2346dd\" data-element_type=\"widget\" data-widget_type=\"elementskit-button.default\">\n\t\t\t\t<div class=\"elementor-widget-container\">\n\t\t\t<div class=\"ekit-wid-con\" >\t\t<div class=\"ekit-btn-wraper\">\n\t\t\t\t\t\t\t<a class=\"elementskit-btn  whitespace--normal\" id=\"\">\n\t\t\t\t\tLee &amp; Wrangler Store Manager\t\t\t\t<\/a>\n\t\t\t\t\t<\/div>\n        <\/div>\t\t<\/div>\n\t\t\t\t<\/div>\n\t\t\t\t<\/div>\n\t\t<div class=\"elementor-element elementor-element-9d5f653 e-con-full e-flex e-con e-child\" data-id=\"9d5f653\" data-element_type=\"container\">\n\t\t\t\t<div class=\"elementor-element elementor-element-45f79a1 elementor-align-center elementor-widget elementor-widget-elementskit-button\" data-id=\"45f79a1\" data-element_type=\"widget\" data-widget_type=\"elementskit-button.default\">\n\t\t\t\t<div class=\"elementor-widget-container\">\n\t\t\t<div class=\"ekit-wid-con\" >\t\t<div class=\"ekit-btn-wraper\">\n\t\t\t\t\t\t\t<a class=\"elementskit-btn  whitespace--normal\" id=\"\">\n\t\t\t\t\tLee &amp; Wrangler Store Sales Consultant and Cashier\t\t\t\t<\/a>\n\t\t\t\t\t<\/div>\n        <\/div>\t\t<\/div>\n\t\t\t\t<\/div>\n\t\t\t\t<\/div>\n\t\t\t\t\t<\/div>\n\t\t\t\t<\/div>\n\t\t\t\t<\/div>\n\t\t","protected":false},"excerpt":{"rendered":"<p>You can see the open positions for Karma Marka Ma\u011fazac\u0131l\u0131k ve Ticaret A.\u015e. below and you can apply via kariyer.net. Lee &amp; Wrangler Store Manager Lee &amp; Wrangler Store Sales Consultant and Cashier<\/p>\n","protected":false},"author":1,"featured_media":0,"parent":0,"menu_order":0,"comment_status":"closed","ping_status":"closed","template":"","meta":{"footnotes":""},"class_list":["post-966","page","type-page","status-publish","hentry"],"_links":{"self":[{"href":"https:\/\/karmamagazacilik.com\/en\/wp-json\/wp\/v2\/pages\/966","targetHints":{"allow":["GET"]}}],"collection":[{"href":"https:\/\/karmamagazacilik.com\/en\/wp-json\/wp\/v2\/pages"}],"about":[{"href":"https:\/\/karmamagazacilik.com\/en\/wp-json\/wp\/v2\/types\/page"}],"author":[{"embeddable":true,"href":"https:\/\/karmamagazacilik.com\/en\/wp-json\/wp\/v2\/users\/1"}],"replies":[{"embeddable":true,"href":"https:\/\/karmamagazacilik.com\/en\/wp-json\/wp\/v2\/comments?post=966"}],"version-history":[{"count":6,"href":"https:\/\/karmamagazacilik.com\/en\/wp-json\/wp\/v2\/pages\/966\/revisions"}],"predecessor-version":[{"id":984,"href":"https:\/\/karmamagazacilik.com\/en\/wp-json\/wp\/v2\/pages\/966\/revisions\/984"}],"wp:attachment":[{"href":"https:\/\/karmamagazacilik.com\/en\/wp-json\/wp\/v2\/media?parent=966"}],"curies":[{"name":"wp","href":"https:\/\/api.w.org\/{rel}","templated":true}]}}