{"id":848,"date":"2024-10-29T11:01:59","date_gmt":"2024-10-29T11:01:59","guid":{"rendered":"https:\/\/karmamagazacilik.com\/about-us\/"},"modified":"2025-03-25T14:06:04","modified_gmt":"2025-03-25T14:06:04","slug":"about-us","status":"publish","type":"page","link":"https:\/\/karmamagazacilik.com\/en\/about-us\/","title":{"rendered":"About Us"},"content":{"rendered":"\t\t<div data-elementor-type=\"wp-page\" data-elementor-id=\"848\" class=\"elementor elementor-848 elementor-150\">\n\t\t\t\t<div class=\"elementor-element elementor-element-6cfb2b1 e-flex e-con-boxed e-con e-parent\" data-id=\"6cfb2b1\" data-element_type=\"container\" data-settings=\"{&quot;background_background&quot;:&quot;classic&quot;}\">\n\t\t\t\t\t<div class=\"e-con-inner\">\n\t\t\t\t\t<\/div>\n\t\t\t\t<\/div>\n\t\t<div class=\"elementor-element elementor-element-1c65109 e-flex e-con-boxed e-con e-parent\" data-id=\"1c65109\" data-element_type=\"container\">\n\t\t\t\t\t<div class=\"e-con-inner\">\n\t\t<div class=\"elementor-element elementor-element-1034b4e e-con-full e-flex e-con e-child\" data-id=\"1034b4e\" data-element_type=\"container\">\n\t\t\t\t<div class=\"elementor-element elementor-element-344e7a7 elementor-widget elementor-widget-image\" data-id=\"344e7a7\" data-element_type=\"widget\" data-widget_type=\"image.default\">\n\t\t\t\t<div class=\"elementor-widget-container\">\n\t\t\t\t\t\t\t\t\t\t\t\t\t<img decoding=\"async\" width=\"400\" height=\"79\" src=\"https:\/\/karmamagazacilik.com\/wp-content\/uploads\/2024\/10\/karma-logo.png\" class=\"attachment-full size-full wp-image-184\" alt=\"\" srcset=\"https:\/\/karmamagazacilik.com\/wp-content\/uploads\/2024\/10\/karma-logo.png 400w, https:\/\/karmamagazacilik.com\/wp-content\/uploads\/2024\/10\/karma-logo-300x59.png 300w\" sizes=\"(max-width: 400px) 100vw, 400px\" \/>\t\t\t\t\t\t\t\t\t\t\t\t\t<\/div>\n\t\t\t\t<\/div>\n\t\t\t\t<div class=\"elementor-element elementor-element-3270a4b elementor-widget elementor-widget-text-editor\" data-id=\"3270a4b\" data-element_type=\"widget\" data-widget_type=\"text-editor.default\">\n\t\t\t\t<div class=\"elementor-widget-container\">\n\t\t\t\t\t\t\t<p>Karma Marka Ma\u011fazac\u0131l\u0131k Ticaret A.\u015e., established with the entrepreneurial spirit of its partners, with its 25 years of production, brand management and retailing experience in the apparel and retail sector, set out at the end of 2020 to bring an innovative perspective to the licensing, distributorship and retailing of global daily clothing brands, first in Turkey and then abroad, to rapidly grow the brands within its body and to provide long-term value to its stakeholders.<\/p><p>It is the licensor of Turkey and Northern Cyprus for Lee and Wrangler, the streetapparel brands that it first included in its brand portfolio.<\/p>\t\t\t\t\t\t<\/div>\n\t\t\t\t<\/div>\n\t\t\t\t<\/div>\n\t\t<div class=\"elementor-element elementor-element-5089c3c e-con-full e-flex e-con e-child\" data-id=\"5089c3c\" data-element_type=\"container\">\n\t\t<div class=\"elementor-element elementor-element-590bc55 e-flex e-con-boxed e-con e-child\" data-id=\"590bc55\" data-element_type=\"container\">\n\t\t\t\t\t<div class=\"e-con-inner\">\n\t\t\t\t<div class=\"elementor-element elementor-element-f347e9b elementor-widget elementor-widget-tf-slide-swiper\" data-id=\"f347e9b\" data-element_type=\"widget\" data-widget_type=\"tf-slide-swiper.default\">\n\t\t\t\t<div class=\"elementor-widget-container\">\n\t\t\t\t\t<div id=\"tf-slide-swiper-f347e9b\" class=\"tf-slide-swiper\" data-tabid=\"f347e9b\" data-transition_speed=\"3000\" data-autoplay=\"yes\" data-pause_on_interaction=\"yes\" data-autoplay_speed=\"500\" data-infinite_loop=\"yes\" data-bullets_type=\"\" data-direction=\"horizontal\" data-space_between=\"30\" data-slides_show=\"1\" data-slides_show_tablet=\"1\" data-slides_show_mobile=\"1\" data-reverse_direction=\"no\">\r\n\t\t\t<div class=\"wrap-swiper-container\">\r\n\t\t\t\t<!-- Slider container -->\r\n\t\t\t\t<div class=\"swiper-container swiper-container-primary\">\r\n\t\t\t\t\t<!-- Swiper wrapper -->\r\n\t\t\t\t\t<div class=\"swiper-wrapper\">\r\n\t\t\t\t\t\t<!-- Slides -->\r\n\t\t\t\t\t\t<div class=\"swiper-slide\"><div class=\"wrap-image\"><img decoding=\"async\" class=\"swiper-slide-image\" src=\"https:\/\/karmamagazacilik.com\/wp-content\/uploads\/2024\/10\/ana-sayfa-g1.jpg\" alt=\"ana-sayfa-g1\" \/><\/div><\/div><div class=\"swiper-slide\"><div class=\"wrap-image\"><img decoding=\"async\" class=\"swiper-slide-image\" src=\"https:\/\/karmamagazacilik.com\/wp-content\/uploads\/2024\/10\/lee.jpg\" alt=\"lee\" \/><\/div><\/div>\t\t\t\t\t<\/div>\r\n\r\n\t\t\t\t\t\t\t\t\t\t\t\t<!-- Pagination -->\r\n\t\t\t\t\t\t\t\t\t\t\t\t\r\n\t\t\t\t\t\t\t\t\t\t\t\t\t\t\t<\/div>\r\n\t\t\t<\/div>\r\n        <\/div>\r\n\r\n\t\t\t\t<\/div>\n\t\t\t\t<\/div>\n\t\t\t\t\t<\/div>\n\t\t\t\t<\/div>\n\t\t\t\t<\/div>\n\t\t\t\t\t<\/div>\n\t\t\t\t<\/div>\n\t\t<div class=\"elementor-element elementor-element-bc1932d e-flex e-con-boxed e-con e-parent\" data-id=\"bc1932d\" data-element_type=\"container\" data-settings=\"{&quot;background_background&quot;:&quot;gradient&quot;}\">\n\t\t\t\t\t<div class=\"e-con-inner\">\n\t\t<div class=\"elementor-element elementor-element-d06d631 e-con-full e-flex e-con e-child\" data-id=\"d06d631\" data-element_type=\"container\">\n\t\t\t\t<div class=\"elementor-element elementor-element-ac030b8 elementor-widget elementor-widget-text-editor\" data-id=\"ac030b8\" data-element_type=\"widget\" data-widget_type=\"text-editor.default\">\n\t\t\t\t<div class=\"elementor-widget-container\">\n\t\t\t\t\t\t\t<p>OUR MISSION<\/p>\n\t\t\t\t\t\t<\/div>\n\t\t\t\t<\/div>\n\t\t\t\t<div class=\"elementor-element elementor-element-448066a elementor-widget elementor-widget-text-editor\" data-id=\"448066a\" data-element_type=\"widget\" data-widget_type=\"text-editor.default\">\n\t\t\t\t<div class=\"elementor-widget-container\">\n\t\t\t\t\t\t\t<p>We are growing our iconic brands through innovation, design and quality to touch the lives of more and more consumers and help them express themselves more confidently.<\/p>\n\t\t\t\t\t\t<\/div>\n\t\t\t\t<\/div>\n\t\t\t\t<\/div>\n\t\t\t\t\t<\/div>\n\t\t\t\t<\/div>\n\t\t\t\t<\/div>\n\t\t","protected":false},"excerpt":{"rendered":"<p>Karma Marka Ma\u011fazac\u0131l\u0131k Ticaret A.\u015e., established with the entrepreneurial spirit of its partners, with its 25 years of production, brand management and retailing experience in the apparel and retail sector, set out at the end of 2020 to bring an innovative perspective to the licensing, distributorship and retailing of global daily clothing brands, first in [&hellip;]<\/p>\n","protected":false},"author":1,"featured_media":0,"parent":0,"menu_order":0,"comment_status":"closed","ping_status":"closed","template":"","meta":{"footnotes":""},"class_list":["post-848","page","type-page","status-publish","hentry"],"_links":{"self":[{"href":"https:\/\/karmamagazacilik.com\/en\/wp-json\/wp\/v2\/pages\/848","targetHints":{"allow":["GET"]}}],"collection":[{"href":"https:\/\/karmamagazacilik.com\/en\/wp-json\/wp\/v2\/pages"}],"about":[{"href":"https:\/\/karmamagazacilik.com\/en\/wp-json\/wp\/v2\/types\/page"}],"author":[{"embeddable":true,"href":"https:\/\/karmamagazacilik.com\/en\/wp-json\/wp\/v2\/users\/1"}],"replies":[{"embeddable":true,"href":"https:\/\/karmamagazacilik.com\/en\/wp-json\/wp\/v2\/comments?post=848"}],"version-history":[{"count":10,"href":"https:\/\/karmamagazacilik.com\/en\/wp-json\/wp\/v2\/pages\/848\/revisions"}],"predecessor-version":[{"id":1117,"href":"https:\/\/karmamagazacilik.com\/en\/wp-json\/wp\/v2\/pages\/848\/revisions\/1117"}],"wp:attachment":[{"href":"https:\/\/karmamagazacilik.com\/en\/wp-json\/wp\/v2\/media?parent=848"}],"curies":[{"name":"wp","href":"https:\/\/api.w.org\/{rel}","templated":true}]}}