{"id":1012,"date":"2024-10-29T11:02:31","date_gmt":"2024-10-29T11:02:31","guid":{"rendered":"https:\/\/karmamagazacilik.com\/magazalarimiz\/"},"modified":"2025-11-26T17:12:56","modified_gmt":"2025-11-26T17:12:56","slug":"our-stores","status":"publish","type":"page","link":"https:\/\/karmamagazacilik.com\/en\/our-stores\/","title":{"rendered":"Our Stores"},"content":{"rendered":"\t\t<div data-elementor-type=\"wp-page\" data-elementor-id=\"1012\" class=\"elementor elementor-1012 elementor-162\">\n\t\t\t\t<div class=\"elementor-element elementor-element-b22ed06 e-flex e-con-boxed e-con e-parent\" data-id=\"b22ed06\" data-element_type=\"container\" data-settings=\"{&quot;background_background&quot;:&quot;classic&quot;}\">\n\t\t\t\t\t<div class=\"e-con-inner\">\n\t\t\t\t\t<\/div>\n\t\t\t\t<\/div>\n\t\t<div class=\"elementor-element elementor-element-aa0c5e6 e-flex e-con-boxed e-con e-parent\" data-id=\"aa0c5e6\" data-element_type=\"container\" data-settings=\"{&quot;background_background&quot;:&quot;classic&quot;}\">\n\t\t\t\t\t<div class=\"e-con-inner\">\n\t\t\t\t<div class=\"elementor-element elementor-element-4d87d33 elementor-widget elementor-widget-text-editor\" data-id=\"4d87d33\" data-element_type=\"widget\" data-widget_type=\"text-editor.default\">\n\t\t\t\t<div class=\"elementor-widget-container\">\n\t\t\t\t\t\t\t<p style=\"text-align: left;\">DOMESTIC STORES<\/p>\t\t\t\t\t\t<\/div>\n\t\t\t\t<\/div>\n\t\t\t\t<div class=\"elementor-element elementor-element-068aa5c elementor-widget-divider--view-line elementor-widget elementor-widget-divider\" data-id=\"068aa5c\" data-element_type=\"widget\" data-widget_type=\"divider.default\">\n\t\t\t\t<div class=\"elementor-widget-container\">\n\t\t\t\t\t<div class=\"elementor-divider\">\n\t\t\t<span class=\"elementor-divider-separator\">\n\t\t\t\t\t\t<\/span>\n\t\t<\/div>\n\t\t\t\t<\/div>\n\t\t\t\t<\/div>\n\t\t\t\t\t<\/div>\n\t\t\t\t<\/div>\n\t\t<div class=\"elementor-element elementor-element-ed07507 e-flex e-con-boxed e-con e-parent\" data-id=\"ed07507\" data-element_type=\"container\" data-settings=\"{&quot;background_background&quot;:&quot;classic&quot;}\">\n\t\t\t\t\t<div class=\"e-con-inner\">\n\t\t\t\t<div class=\"elementor-element elementor-element-a750971 elementor-widget elementor-widget-text-editor\" data-id=\"a750971\" data-element_type=\"widget\" data-widget_type=\"text-editor.default\">\n\t\t\t\t<div class=\"elementor-widget-container\">\n\t\t\t\t\t\t\t<p><strong>Adana Optimum <\/strong><br \/>HACI SABANCI BULVARI NO:28 OPTIMUM AVM M14-M15 ADANA Y\u00dcREY\u0130R<\/p><p><strong>Adana Real<\/strong><br \/>YEN\u0130 MAH. 87071 SOK. NO : 5 KAPI NO: 58-59 ADANA SEYHAN<\/p><p><strong>Ankara Etlik Forum <\/strong><br \/>ETL\u0130K FORUM AVM OVACIK MAH. YOZGAT BULVARI NO: 97 \/ Z10 KE\u00c7\u0130\u00d6REN \u2013 06280 ANK KE\u00c7\u0130\u00d6REN<\/p><p><strong>Ankara Natavega<\/strong><br \/>NATAVEGA AVM AK\u015eEMSETT\u0130N MAH. 2308 SOK NO: 1 ANKARA MAMAK<\/p><p><strong>Ankara S\u00f6\u011f\u00fct\u00f6z\u00fc Cadde<\/strong><br \/>DUMLUPINAR CAD. S\u00d6\u011e\u00dcT\u00d6Z\u00dc MAHALLES\u0130 NO:100 ANKARA\/\u00c7ANKAYA<\/p><p><strong>Antalya Deepo <\/strong><br \/>ALTINOVA S\u0130NAN, SER\u0130K CADDES\u0130 NO:89 MA\u011eAZA NO:150 ANTALYA KEPEZ<\/p><p><strong>Antalya Manavgat Novamall<\/strong><br \/>8096 SK.NO:5 NOVAMALL ALI\u015eVER\u0130\u015e MERKEZ\u0130 \u0130\u00c7 KAPI NO:FF10 ANTALYA MANAVGAT<\/p><p><strong>Antalya Terracity<\/strong><br \/>FENER, TEKEL\u0130O\u011eLU CD. NO:55 MA\u011eAZA ALANI NO. 1B-019 (UN\u0130T 19) KAT: 1.BODRUM KATI ANTALYA MURATPA\u015eA<\/p><p><strong>Ayd\u0131n Ku\u015fadas\u0131 Avm<\/strong><br \/>KU\u015eADASI AVM. YAVANSU MAH. KARAOVA SOK. NO:6\/16 AYDIN KU\u015eADASI<\/p><p><strong>Batman Petrol City Avm<\/strong><br \/>BATMAN PETROL CITY AVM NO:72 G\u00dcLTEPE DEMOKRASI BULV. BATMAN MERKEZ<\/p><p><strong>Bolu Highway<\/strong><br \/>Kuru\u00e7ay KPR. \u0130STANBUL 227.KM ELMALIK MEVK\u0130\u0130 NO:5 ANADOLU ABANT BA\u011eLANTISI 14030 YOL\u00c7ATI\/BOLU (BOLU HIGHWAY OUTLET AVM)<\/p><p><strong>Bursa Markapark<\/strong><br \/>BURSA SUR YAPI ODUNLUK MAH. AKADEM\u0130 CAD. NO.6\/A 52 BURSA N\u0130L\u00dcFER<\/p><p><strong>Diyarbak\u0131r Ceylan Avm<\/strong><br \/>PEYAS MAH. D\u0130YARBAKIR-SANLIURFA YOLU \u00dcZERI 5.KM CEYLAN KARAVIL PARK AVM KAT:1 NO:1025 D\u0130YARBAKIR KAYAPINAR<\/p><p><strong>\u0130skenderun Primemall <\/strong><br \/>NUMUNE MAH. \u0130BRAH\u0130M KARAO\u011eLAN CAD. NO:29\/3 31230 HATAY \u0130SKENDERUN<\/p><p><strong>\u0130stanbul 212 Avm<\/strong><br \/>MAHMUTBEY MERKEZ MAHALLES\u0130 TA\u015eOCA\u011eI CADDES\u0130 NO:5 \u0130STANBUL BA\u011eCILAR<\/p><p><strong>\u0130stanbul Hilltown Avm <\/strong><br \/>AYDINEVLER MAH. S\u0130TELER YOLU SOK. NO:1 KAPI : B2-227 MALTEPE \u0130ST KARTAL<\/p><p><strong>\u0130stanbul Marmara Forum <\/strong><br \/>OSMAN\u0130YE MAH. \u00c7OBAN\u00c7E\u015eME KO\u015eUYOLU BULVARI NO:3 NAPI: S063 \u0130STANBUL BAKIRK\u00d6Y<\/p><p><strong>\u0130stanbul Viaport <\/strong><br \/>YEN\u0130\u015eEH\u0130R, DEDEPA\u015eA CD V\u0130APORT AVM NO:19, 34912 PEND\u0130K\/\u0130STANBUL B KAPISI LEE &amp; WRANGLER MA\u011eAZASI \u0130STANBUL PEND\u0130K<\/p><p><strong>\u0130zmir \u0130stinyepark Avm<\/strong><br \/>BAH\u00c7ELERARASI MAH \u015eHT B\u0130NBA\u015eI AL\u0130 RESM\u0130 TUFAN SOK N:3 \u0130ZM\u0130R BAL\u00c7OVA<\/p><p><strong>\u0130zmir Optimum<\/strong><br \/>BEYAZEVLER MAH. AK\u00c7AY CD. OPTIMUM AVM NO: 103 \/Z12 \u0130ZM\u0130R GAZ\u0130EM\u0130R<\/p><p><strong>\u0130zmir Selway<\/strong><br \/>\u00c7ET\u0130N EME\u00c7 MAH.\u0130ZM\u0130R \u00c7EVRE YOLU SELWAY OUTLET D BLOK Z24-25-26-26A-27 \u0130ZM\u0130R BAL\u00c7OVA<\/p><p><strong>\u0130zmir Westpark<\/strong><br \/>Westpark Outlet\u00a0 AVM Refik \u015eevket \u0130nce Mah.2148\/9 No:4 bayrakl\u0131 \u0130ZM\u0130R<\/p><p><strong>Kayseri Forum <\/strong><br \/>KAYSER\u0130 FORUM AVM. HUNAT S\u0130VAS BULVARI 24\/1 KAPI NUMARASI GF BLOK L19A KAYSER\u0130 MEL\u0130KGAZ\u0130<\/p><p><strong>Konya Kentplaza<\/strong><br \/>BED\u0130R MAHALLES\u0130 ATASEVEN CAD NO 2 ZEM\u0130N KAT NO 35 KONYA SEL\u00c7UKLU<\/p><p><strong>Mersin Forum Avm <\/strong><br \/>G\u00dcVENEVLER MAH.1. CAD. NO:120-133 MERS\u0130N YEN\u0130\u015eEH\u0130R<\/p><p><strong>Samsun Piazza <\/strong><br \/>YEN\u0130MAHALLE \u00c7AR\u015eAMBA CAD.NO:52 ESK\u0130 OTOGAR MEVK\u0130\u0130 SAN.S\u0130TES\u0130 YANI P\u0130AZZA ALI\u015eVER\u0130\u015e VE YA\u015eAM MERKEZ\u0130 MA\u011e NO: 216 SAMSUN CAN\u0130K<\/p><p><strong>S\u00f6ke Novada Avm<\/strong><br \/>ATAT\u00dcRK MAH AYDIN YOLU UZER\u0130 NO 216 SOKE NOVADA AVM MAGAZA NO G-37 AYDIN S\u00d6KE<\/p><p><strong>Tekirda\u011f \u00c7orlu Avantaj<\/strong><br \/>AVANTAJ AVM. VEL\u0130ME\u015eE ORGAN\u0130ZE SANAY\u0130 MAHALLES\u0130 \u00c7ORLU \u00c7ERKEZK\u00d6Y YOLU NO:12\/7F TEK\u0130RDA\u011e<\/p><p><strong>Trabzon Cevahir<\/strong><br \/>KA\u015e\u00dcST\u00dc BELDES\u0130 CUMHUR\u0130YET MAHALLES\u0130 DEVLET KARAYOLLARI CADDES\u0130 CEVAH\u0130R AVM NO:19 \/MERKEZ- TRABZON<\/p>\t\t\t\t\t\t<\/div>\n\t\t\t\t<\/div>\n\t\t\t\t\t<\/div>\n\t\t\t\t<\/div>\n\t\t<div class=\"elementor-element elementor-element-9dd73ac e-flex e-con-boxed e-con e-parent\" data-id=\"9dd73ac\" data-element_type=\"container\" data-settings=\"{&quot;background_background&quot;:&quot;classic&quot;}\">\n\t\t\t\t\t<div class=\"e-con-inner\">\n\t\t\t\t<div class=\"elementor-element elementor-element-33929f9 elementor-widget elementor-widget-text-editor\" data-id=\"33929f9\" data-element_type=\"widget\" data-widget_type=\"text-editor.default\">\n\t\t\t\t<div class=\"elementor-widget-container\">\n\t\t\t\t\t\t\t<p style=\"text-align: left;\">OVERSEAS STORES<\/p>\t\t\t\t\t\t<\/div>\n\t\t\t\t<\/div>\n\t\t\t\t<div class=\"elementor-element elementor-element-cf9088c elementor-widget-divider--view-line elementor-widget elementor-widget-divider\" data-id=\"cf9088c\" data-element_type=\"widget\" data-widget_type=\"divider.default\">\n\t\t\t\t<div class=\"elementor-widget-container\">\n\t\t\t\t\t<div class=\"elementor-divider\">\n\t\t\t<span class=\"elementor-divider-separator\">\n\t\t\t\t\t\t<\/span>\n\t\t<\/div>\n\t\t\t\t<\/div>\n\t\t\t\t<\/div>\n\t\t\t\t\t<\/div>\n\t\t\t\t<\/div>\n\t\t<div class=\"elementor-element elementor-element-7a3cd30 e-flex e-con-boxed e-con e-parent\" data-id=\"7a3cd30\" data-element_type=\"container\">\n\t\t\t\t\t<div class=\"e-con-inner\">\n\t\t\t\t<div class=\"elementor-element elementor-element-1265e1d elementor-widget elementor-widget-text-editor\" data-id=\"1265e1d\" data-element_type=\"widget\" data-widget_type=\"text-editor.default\">\n\t\t\t\t<div class=\"elementor-widget-container\">\n\t\t\t\t\t\t\t<p><strong>ANFA PLACEMALL<\/strong><br \/>K\u00dc\u00c7\u00dcKK\u00d6Y KARADEN\u0130Z MAH.ESK\u0130 ED\u0130RNE ASFALTI METR\u0130S KAV\u015eA\u011eI NO:408 G.OSMANPA\u015eA \/ \u0130STANBUL<\/p><p><strong>MOROCCO FAS<\/strong><br \/>\u00c7ET\u0130N EME\u00c7 MAH.\u0130ZM\u0130R \u00c7EVRE YOLU SELWAY OUTLET D BLOK Z24-25-26-26A-27 \u0130ZM\u0130R BAL\u00c7OVA\u00a0<\/p>\t\t\t\t\t\t<\/div>\n\t\t\t\t<\/div>\n\t\t\t\t\t<\/div>\n\t\t\t\t<\/div>\n\t\t\t\t<\/div>\n\t\t","protected":false},"excerpt":{"rendered":"<p>DOMESTIC STORES Adana Optimum HACI SABANCI BULVARI NO:28 OPTIMUM AVM M14-M15 ADANA Y\u00dcREY\u0130R Adana RealYEN\u0130 MAH. 87071 SOK. NO : 5 KAPI NO: 58-59 ADANA SEYHAN Ankara Etlik Forum ETL\u0130K FORUM AVM OVACIK MAH. YOZGAT BULVARI NO: 97 \/ Z10 KE\u00c7\u0130\u00d6REN \u2013 06280 ANK KE\u00c7\u0130\u00d6REN Ankara NatavegaNATAVEGA AVM AK\u015eEMSETT\u0130N MAH. 2308 SOK NO: 1 ANKARA [&hellip;]<\/p>\n","protected":false},"author":1,"featured_media":0,"parent":0,"menu_order":0,"comment_status":"closed","ping_status":"closed","template":"","meta":{"footnotes":""},"class_list":["post-1012","page","type-page","status-publish","hentry"],"_links":{"self":[{"href":"https:\/\/karmamagazacilik.com\/en\/wp-json\/wp\/v2\/pages\/1012","targetHints":{"allow":["GET"]}}],"collection":[{"href":"https:\/\/karmamagazacilik.com\/en\/wp-json\/wp\/v2\/pages"}],"about":[{"href":"https:\/\/karmamagazacilik.com\/en\/wp-json\/wp\/v2\/types\/page"}],"author":[{"embeddable":true,"href":"https:\/\/karmamagazacilik.com\/en\/wp-json\/wp\/v2\/users\/1"}],"replies":[{"embeddable":true,"href":"https:\/\/karmamagazacilik.com\/en\/wp-json\/wp\/v2\/comments?post=1012"}],"version-history":[{"count":19,"href":"https:\/\/karmamagazacilik.com\/en\/wp-json\/wp\/v2\/pages\/1012\/revisions"}],"predecessor-version":[{"id":1462,"href":"https:\/\/karmamagazacilik.com\/en\/wp-json\/wp\/v2\/pages\/1012\/revisions\/1462"}],"wp:attachment":[{"href":"https:\/\/karmamagazacilik.com\/en\/wp-json\/wp\/v2\/media?parent=1012"}],"curies":[{"name":"wp","href":"https:\/\/api.w.org\/{rel}","templated":true}]}}